{"id":5140,"date":"2023-07-25T19:35:33","date_gmt":"2023-07-25T19:35:33","guid":{"rendered":"https:\/\/beroilenergy.com\/?page_id=5140"},"modified":"2023-07-25T19:35:34","modified_gmt":"2023-07-25T19:35:34","slug":"unlocking-the-secrets-of-crypto-signals-your-path-to-profitable-trading","status":"publish","type":"page","link":"https:\/\/beroilenergy.com\/az\/unlocking-the-secrets-of-crypto-signals-your-path-to-profitable-trading\/","title":{"rendered":"Kripto Siqnallar\u0131n Sirl\u0259rini A\u00e7maq: Qazancl\u0131 Ticar\u0259t yolunuz"},"content":{"rendered":"<p>Kriptovalyuta ticar\u0259tinin dinamik d\u00fcnyas\u0131nda u\u011fur qazanmaq \u00fc\u00e7\u00fcn oyundan qabaqda qalmaq \u00e7ox vacibdir. Kripto siqnallar\u0131, s\u00fcr\u0259tli templi v\u0259 d\u0259yi\u015fk\u0259n kriptovalyuta bazar\u0131nda m\u0259lumatl\u0131 q\u0259rarlar q\u0259bul etm\u0259kd\u0259 h\u0259m yeni ba\u015flayanlar, h\u0259m d\u0259 m\u00fct\u0259x\u0259ssisl\u0259r treyderl\u0259r\u0259 r\u0259hb\u0259rlik ed\u0259n \u0259v\u0259zsiz al\u0259tl\u0259r kimi ortaya \u00e7\u0131xd\u0131. Bu h\u0259rt\u0259r\u0259fli b\u0259l\u0259d\u00e7id\u0259 biz kripto siqnallar\u0131n\u0131n f\u00fcsunkar sah\u0259sin\u0259 daxil olaca\u011f\u0131q, onlar\u0131n \u0259h\u0259miyy\u0259tini ba\u015fa d\u00fc\u015f\u0259c\u0259yik v\u0259 onlar\u0131n g\u0259lirli ticar\u0259t\u0259 nec\u0259 yol a\u00e7a bil\u0259c\u0259yini anlayaca\u011f\u0131q. T\u0259cr\u00fcb\u0259li bir treyder olsan\u0131z v\u0259 ya sad\u0259c\u0259 kriptovalyutalar d\u00fcnyas\u0131na q\u0259d\u0259m qoyursunuz, kripto siqnallar\u0131n\u0131n sirl\u0259rini a\u00e7maq \u00fc\u00e7\u00fcn oxuyun.<\/p>\n<p>G\u00fcc\u00fc <a href=\"https:\/\/signalforall.com\">Kripto siqnallar\u0131<\/a><br \/>\nT\u0259s\u0259vv\u00fcr edin ki, kriptovalyuta qiym\u0259tl\u0259rinin g\u0259l\u0259c\u0259yini proqnozla\u015fd\u0131ra bil\u0259c\u0259k bir kristal top var. Bel\u0259 bir cihaz \u00e7\u0259tin olsa da, kripto siqnallar\u0131 olduqca yax\u0131nla\u015f\u0131r. Kripto siqnallar\u0131 real vaxt rejimind\u0259 bildiri\u015fl\u0259r v\u0259 ya x\u0259b\u0259rdarl\u0131qlard\u0131r ki, treyderl\u0259r\u0259 kriptovalyuta bazar\u0131 haqq\u0131nda qiym\u0259tli m\u0259lumatlar verilir. Bu siqnallar alq\u0131-satq\u0131 t\u00f6vsiy\u0259l\u0259ri, giri\u015f v\u0259 \u00e7\u0131x\u0131\u015f n\u00f6qt\u0259l\u0259ri v\u0259 potensial m\u0259nf\u0259\u0259t h\u0259d\u0259fl\u0259ri daxil olmaqla m\u00fcxt\u0259lif m\u0259lumatlar\u0131 \u0259hat\u0259 edir.<\/p>\n<p>H\u0259r bir bazar h\u0259r\u0259k\u0259tind\u0259n faydalanmaq ist\u0259y\u0259n treyderl\u0259r \u00fc\u00e7\u00fcn kripto siqnallar\u0131 \u0259v\u0259zolunmaz aktivdir. Onlar treyderl\u0259r\u0259 s\u00fcr\u0259tl\u0259 inki\u015faf ed\u0259n bazar tendensiyalar\u0131ndan x\u0259b\u0259rdar olma\u011fa imkan verir, onlara vaxt\u0131nda v\u0259 yax\u015f\u0131 m\u0259lumatl\u0131 q\u0259rarlar q\u0259bul etm\u0259y\u0259 imkan verir.<\/p>\n<p>Signalforall: D\u0259qiq Kripto Siqnallar\u0131n\u0131z \u00fc\u00e7\u00fcn Gateway<br \/>\nKriptovalyutan\u0131n daim geni\u015fl\u0259n\u0259n d\u00fcnyas\u0131nda Signalforall etibarl\u0131l\u0131q v\u0259 d\u0259qiqlik mayak\u0131 kimi dayan\u0131r. Kripto siqnallar\u0131n\u0131n apar\u0131c\u0131 t\u0259chizat\u00e7\u0131lar\u0131ndan biri kimi Signalforall treyderl\u0259r\u0259 real vaxt bazar\u0131 haqq\u0131nda m\u0259lumatlar\u0131n x\u0259zin\u0259sin\u0259 giri\u015f t\u0259klif edir. Onlar\u0131n xidm\u0259tl\u0259rin\u0259 abun\u0259 olmaqla treyderl\u0259r m\u00fcxt\u0259lif kanallar, o c\u00fcml\u0259d\u0259n m\u0259\u015fhur platforma Telegram vasit\u0259sil\u0259 vaxt\u0131nda bildiri\u015fl\u0259r ala bil\u0259rl\u0259r.<\/p>\n<p>2.1 <a href=\"https:\/\/signalforall.com\">Kripto siqnallar\u0131 Telegram<\/a>: Real-Time Insights Barmaqlar\u0131n\u0131z\u0131n ucunda<\/p>\n<p>Telegram real vaxt rejimind\u0259 kripto siqnallar\u0131 q\u0259bul etm\u0259k \u00fc\u00e7\u00fcn \u0259sas platforma kimi ortaya \u00e7\u0131xd\u0131. Signalforall-un Telegram kanal\u0131 treyderl\u0259r\u0259 bazar h\u0259r\u0259k\u0259tl\u0259ri, qiym\u0259t dal\u011falanmalar\u0131 v\u0259 potensial ticar\u0259t imkanlar\u0131 haqq\u0131nda ani yenil\u0259m\u0259l\u0259r t\u0259klif ed\u0259n m\u00fch\u00fcm m\u0259lumat m\u0259rk\u0259zidir. Cihaz\u0131n\u0131za sad\u0259 bir toxunu\u015fla siz d\u0259y\u0259rli m\u0259lumatlar \u0259ld\u0259 ed\u0259 v\u0259 s\u00fcr\u0259tl\u0259 h\u0259r\u0259k\u0259t\u0259 ke\u00e7\u0259r\u0259k, g\u0259lirli ticar\u0259t f\u00fcrs\u0259tini he\u00e7 vaxt \u0259ld\u0259n verm\u0259m\u0259yinizi t\u0259min ed\u0259 bil\u0259rsiniz.<\/p>\n<p><a href=\"https:\/\/signalforall.com\">Pulsuz Kripto Siqnallar<\/a>: M\u0259lumatl\u0131 ticar\u0259ti \u0259l\u00e7atan etm\u0259k<br \/>\nKripto siqnallar\u0131 inan\u0131lmaz d\u0259r\u0259c\u0259d\u0259 d\u0259y\u0259rli olsa da, Signalforall treyderl\u0259r \u00fc\u00e7\u00fcn \u0259l\u00e7atan se\u00e7iml\u0259rin t\u0259min edilm\u0259sinin vacibliyini d\u0259 q\u0259bul edir. Bel\u0259likl\u0259, treyderl\u0259r\u0259 he\u00e7 bir x\u0259rc \u00e7\u0259km\u0259d\u0259n m\u0259lumatl\u0131 ticar\u0259t d\u00fcnyas\u0131na ayaq barmaqlar\u0131n\u0131 soxma\u011fa imkan ver\u0259n pulsuz kripto siqnallar\u0131 t\u0259klif edirl\u0259r. Bu pulsuz siqnallar treyderl\u0259r\u0259 Signalforall xidm\u0259tl\u0259rinin effektivliyin\u0259 n\u0259z\u0259r sal\u0131r v\u0259 onlar\u0131n ticar\u0259t potensial\u0131n\u0131 maksimum d\u0259r\u0259c\u0259d\u0259 art\u0131rmaq \u00fc\u00e7\u00fcn bir add\u0131m kimi xidm\u0259t ed\u0259 bil\u0259r.<\/p>\n<p>Signalforall il\u0259 Kripto ticar\u0259ti s\u0259n\u0259tini m\u0259nims\u0259m\u0259k<br \/>\nH\u0259r hans\u0131 bir g\u00fccl\u00fc al\u0259td\u0259 oldu\u011fu kimi, kripto siqnallar\u0131ndan effektiv istifad\u0259 etm\u0259k m\u00fc\u0259yy\u0259n d\u0259r\u0259c\u0259d\u0259 bacar\u0131q v\u0259 anlay\u0131\u015f t\u0259l\u0259b edir. Signalforall, treyderl\u0259r\u0259 siqnallar\u0131ndan maksimum istifad\u0259 etm\u0259k imkan\u0131 ver\u0259n h\u0259rt\u0259r\u0259fli resurslar v\u0259 t\u0259limatlar t\u0259klif edir. Signalforall, m\u00fcxt\u0259lif siqnal n\u00f6vl\u0259rini izah etm\u0259kd\u0259n tutmu\u015f bazar t\u0259hlilini t\u0259qdim etm\u0259y\u0259 q\u0259d\u0259r treyderl\u0259ri kripto bazar\u0131nda inamla g\u0259zm\u0259k \u00fc\u00e7\u00fcn laz\u0131m olan bilikl\u0259rl\u0259 t\u0259chiz edir.<\/p>\n<p>Signalforall-un \u00dcst\u00fcnl\u00fckl\u0259ri: Yax\u0131ndan Bax\u0131\u015f<br \/>\nSignalforall xidm\u0259tl\u0259ri sad\u0259c\u0259 kripto siqnallar\u0131 t\u0259min etm\u0259kd\u0259n k\u0259nara \u00e7\u0131x\u0131r. Onlar\u0131n platformas\u0131 bir s\u0131ra f\u0259rqli \u00fcst\u00fcnl\u00fckl\u0259r t\u0259klif edir ki, bu da onlar\u0131 treyderl\u0259r aras\u0131nda \u00fcst\u00fcnl\u00fck t\u0259\u015fkil edir:<\/p>\n<p>D\u0259qiqlik v\u0259 D\u0259qiqlik: Signalforall-un siqnallar\u0131 t\u0259cr\u00fcb\u0259li analitikl\u0259r t\u0259r\u0259find\u0259n d\u0259qiqlikl\u0259 haz\u0131rlan\u0131r v\u0259 onlar\u0131n d\u0259qiqliyi v\u0259 etibarl\u0131l\u0131\u011f\u0131 t\u0259min edilir.<\/p>\n<p>F\u0259rqli Siqnal N\u00f6vl\u0259ri: \u0130st\u0259r q\u0131sam\u00fcdd\u0259tli scalping, ist\u0259rs\u0259 d\u0259 uzunm\u00fcdd\u0259tli investisiyalara \u00fcst\u00fcnl\u00fck verm\u0259yinizd\u0259n as\u0131l\u0131 olmayaraq, Signalforall m\u00fcxt\u0259lif siqnal n\u00f6vl\u0259ri il\u0259 b\u00fct\u00fcn ticar\u0259t \u00fcslublar\u0131na xidm\u0259t edir.<\/p>\n<p>S\u0259m\u0259r\u0259li vaxt: Telegram vasit\u0259sil\u0259 vaxt\u0131nda bildiri\u015fl\u0259r almaqla treyderl\u0259r \u00f6z ticar\u0259tl\u0259rini s\u0259m\u0259r\u0259li \u015f\u0259kild\u0259 idar\u0259 ed\u0259, qiym\u0259tli vaxta q\u0259na\u0259t ed\u0259 bil\u0259rl\u0259r.<\/p>\n<p>Ekspert Analizi: Signalforall-\u0131n ekspertl\u0259r komandas\u0131 siqnallar\u0131 tamamlayan v\u0259 treyderl\u0259rin kriptovalyuta bazar\u0131 haqq\u0131nda anlay\u0131\u015f\u0131n\u0131 g\u00fccl\u0259ndir\u0259n d\u0259rin bazar t\u0259hlili v\u0259 anlay\u0131\u015flar t\u0259klif edir.<\/p>\n<p>\u0130stifad\u0259\u00e7i dostu interfeys: Signalforall-un istifad\u0259\u00e7i dostu platformas\u0131 b\u00fct\u00fcn s\u0259viyy\u0259l\u0259rd\u0259 olan treyderl\u0259r\u0259 he\u00e7 bir \u0259ng\u0259l olmadan siqnallara daxil olmaq v\u0259 \u015f\u0259rh etm\u0259k imkan\u0131 verir.<\/p>\n<p>Signalforall il\u0259 ticar\u0259tin g\u0259l\u0259c\u0259yini m\u0259nims\u0259m\u0259k<br \/>\nKriptovalyuta bazar\u0131 inki\u015faf etm\u0259y\u0259 davam etdikc\u0259, kripto siqnallar\u0131n rolu getdikc\u0259 h\u0259yati \u0259h\u0259miyy\u0259t k\u0259sb edir. Signalforall-un d\u0259qiq v\u0259 vaxt\u0131nda siqnallar\u0131 \u00e7atd\u0131rmaq \u00f6hd\u0259liyi onlar\u0131 kripto oyununda bir add\u0131m \u00f6nd\u0259 qalmaq ist\u0259y\u0259n treyderl\u0259r \u00fc\u00e7\u00fcn etibarl\u0131 t\u0259r\u0259fda\u015f edir. M\u00fcxt\u0259lif xidm\u0259tl\u0259ri il\u0259 Signalforall treyderl\u0259r\u0259 kripto ticar\u0259tinin b\u00fct\u00fcn potensial\u0131n\u0131 a\u00e7maq v\u0259 s\u0259rf\u0259li u\u011fur s\u0259yah\u0259tin\u0259 \u00e7\u0131xmaq imkan\u0131 verir.<\/p>\n<p>N\u0259tic\u0259<\/p>\n<p>Kriptovalyutan\u0131n s\u00fcr\u0259tl\u0259 inki\u015faf ed\u0259n v\u0259 daim d\u0259yi\u015f\u0259n d\u00fcnyas\u0131nda, sizin ixtiyar\u0131n\u0131zda olan d\u00fczg\u00fcn al\u0259tl\u0259r\u0259 sahib olmaq u\u011fur v\u0259 \u0259ld\u0259n verilmi\u015f f\u00fcrs\u0259tl\u0259r aras\u0131nda b\u00fct\u00fcn f\u0259rqi yarada bil\u0259r. Kripto siqnallar\u0131, real vaxt anlay\u0131\u015flar\u0131 v\u0259 qiym\u0259tli m\u0259lumatlar\u0131 t\u0259min etm\u0259k qabiliyy\u0259ti il\u0259 b\u00fct\u00fcn d\u00fcnyada treyderl\u0259r \u00fc\u00e7\u00fcn \u0259v\u0259zolunmaz hala g\u0259ldi. Signalforall, treyderl\u0259ri m\u00fcr\u0259kk\u0259b kriptovalyuta bazar\u0131nda inamla g\u0259zm\u0259k \u00fc\u00e7\u00fcn laz\u0131m olan bilik v\u0259 resurslarla t\u0259chiz ed\u0259r\u0259k, bu qiym\u0259tli siqnallar\u0131n etibarl\u0131 v\u0259 etibarl\u0131 t\u0259minat\u00e7\u0131s\u0131 kimi \u00e7\u0131x\u0131\u015f edir.<\/p>\n<p>Bel\u0259likl\u0259, t\u0259cr\u00fcb\u0259li treyder v\u0259 ya maraql\u0131 bir ba\u015flan\u011f\u0131c olma\u011f\u0131n\u0131zdan as\u0131l\u0131 olmayaraq, Signalforall il\u0259 kripto siqnallar\u0131n\u0131n g\u00fcc\u00fcn\u00fc q\u0259bul etm\u0259yi d\u00fc\u015f\u00fcn\u00fcn. M\u0259lumatl\u0131 qalmaq v\u0259 m\u0259lumatlara \u0259saslanan q\u0259rarlar q\u0259bul etm\u0259kl\u0259, siz s\u0259rf\u0259li ticar\u0259tin sirl\u0259rini a\u00e7a v\u0259 maliyy\u0259 art\u0131m\u0131 v\u0259 u\u011fur yoluna \u00e7\u0131xa bil\u0259rsiniz.<\/p>","protected":false},"excerpt":{"rendered":"<p>In the dynamic world of cryptocurrency trading, staying ahead of the game is crucial for success. Crypto signals have emerged as invaluable tools that guide traders, both novices and experts, in making informed decisions in the fast-paced and volatile crypto market. In this comprehensive guide, we will delve into the fascinating realm of crypto signals, [&hellip;]<\/p>","protected":false},"author":1,"featured_media":0,"parent":0,"menu_order":0,"comment_status":"closed","ping_status":"closed","template":"","meta":{"footnotes":""},"class_list":["post-5140","page","type-page","status-publish","hentry"],"aioseo_notices":[],"_links":{"self":[{"href":"https:\/\/beroilenergy.com\/az\/wp-json\/wp\/v2\/pages\/5140","targetHints":{"allow":["GET"]}}],"collection":[{"href":"https:\/\/beroilenergy.com\/az\/wp-json\/wp\/v2\/pages"}],"about":[{"href":"https:\/\/beroilenergy.com\/az\/wp-json\/wp\/v2\/types\/page"}],"author":[{"embeddable":true,"href":"https:\/\/beroilenergy.com\/az\/wp-json\/wp\/v2\/users\/1"}],"replies":[{"embeddable":true,"href":"https:\/\/beroilenergy.com\/az\/wp-json\/wp\/v2\/comments?post=5140"}],"version-history":[{"count":1,"href":"https:\/\/beroilenergy.com\/az\/wp-json\/wp\/v2\/pages\/5140\/revisions"}],"predecessor-version":[{"id":5141,"href":"https:\/\/beroilenergy.com\/az\/wp-json\/wp\/v2\/pages\/5140\/revisions\/5141"}],"wp:attachment":[{"href":"https:\/\/beroilenergy.com\/az\/wp-json\/wp\/v2\/media?parent=5140"}],"curies":[{"name":"wp","href":"https:\/\/api.w.org\/{rel}","templated":true}]}}