{"id":5140,"date":"2023-07-25T19:35:33","date_gmt":"2023-07-25T19:35:33","guid":{"rendered":"https:\/\/beroilenergy.com\/?page_id=5140"},"modified":"2023-07-25T19:35:34","modified_gmt":"2023-07-25T19:35:34","slug":"unlocking-the-secrets-of-crypto-signals-your-path-to-profitable-trading","status":"publish","type":"page","link":"https:\/\/beroilenergy.com\/ku\/unlocking-the-secrets-of-crypto-signals-your-path-to-profitable-trading\/","title":{"rendered":"Vekirina Ve\u015fartiy\u00ean N\u00ee\u015faney\u00ean Crypto: Riya Weya Berbi Bazirganiya Qezenc"},"content":{"rendered":"<p>Di c\u00eehana d\u00eenam\u00eek\u00ee ya bazirganiya dirav\u00ea kr\u00eeptoy\u00ea de, may\u00eena li p\u00ea\u015f l\u00eestik\u00ea ji bo serketin\u00ea pir gir\u00eeng e. N\u00ee\u015faney\u00ean kr\u00eepto wek\u00ee am\u00fbr\u00ean nirxdar derketine ku r\u00eaberiya bazirganan, hem n\u00fbjen \u00fb hem j\u00ee pispor dikin, di girtina biryar\u00ean agahdar de di bazara bilez \u00fb b\u00eah\u00eaz a kr\u00eeptoy\u00ea de. Di v\u00ea r\u00eaber\u00ea berfireh de, em \u00ea li qada balk\u00ea\u015f a s\u00eenyal\u00ean kr\u00eeptoy\u00ea bigerin, gir\u00eengiya wan fam bikin, \u00fb ka ew \u00e7awa dikarin r\u00ea li ber bazirganiya bik\u00ear vekin. Ka h\u00fbn bazirganek demsal\u00ee ne an j\u00ee ten\u00ea di c\u00eehana perey\u00ean kr\u00eeptoy\u00ea de dime\u015fin, bixw\u00eenin da ku sir\u00ean s\u00eenyal\u00ean kr\u00eeptoy\u00ea vekin.<\/p>\n<p>H\u00eaza ya <a href=\"https:\/\/signalforall.com\">N\u00ee\u015faney\u00ean Crypto<\/a><br \/>\nBifikirin ku xwedan topek kr\u00eestal e ku dikare p\u00ea\u015feroja bihay\u00ean dirav\u00ean kr\u00eepto p\u00ea\u015fb\u00een bike. Digel ku am\u00fbrek wusa nezelal dim\u00eene, n\u00ee\u015faney\u00ean kr\u00eeptoy\u00ea pir n\u00eazik dibin. N\u00ee\u015faney\u00ean kr\u00eepto agahdar\u00ee an hi\u015fyariy\u00ean di dema rast de ne ku di derheq\u00ea bazara kr\u00eeptoy\u00ea de agahdariya h\u00eaja didin bazirganan. Van n\u00ee\u015fanan c\u00fbrbec\u00fbr daneyan, di nav de p\u00ea\u015fniyar\u00ean kir\u00een \u00fb firotan\u00ea, xal\u00ean ketin \u00fb derketin\u00ea, \u00fb armanc\u00ean qezenca potansiyel vedihew\u00eene.<\/p>\n<p>Ji bo bazirgan\u00ean ku dixwazin li her tevgera bazar\u00ea sermayey\u00ea bigirin, s\u00eenyal\u00ean kr\u00eepto heb\u00fbnek domdar in. Ew r\u00ea didin bazirganan ku li ser meyl\u00ean bazar\u00ea y\u00ean ku bi lez diqewimin bim\u00eenin, wan h\u00eazdar dikin ku biryar\u00ean biwext \u00fb agahdar bist\u00eenin.<\/p>\n<p>Signalforall: Deriy\u00ea we ji bo Signal\u00ean Crypto Rast<br \/>\nDi c\u00eehana ku her dem berfireh dibe ya kr\u00eeptoy\u00ea de, Signalforall wek\u00ee ronahiyek p\u00eabawer \u00fb rastb\u00fbn\u00ea radiweste. Wek\u00ee yek ji p\u00ea\u015fk\u00ea\u015fker\u00ean p\u00ea\u015feng \u00ean s\u00eenyal\u00ean kr\u00eeptoy\u00ea, Signalforall ji bazirganan re gih\u00ee\u015ftina xez\u00eeneyek nih\u00ear\u00een\u00ean bazar\u00ea y\u00ean rast-dem p\u00ea\u015fk\u00ea\u015f\u00ee dike. Bi tevl\u00eab\u00fbna kar\u00fbbar\u00ean xwe, bazirgan dikarin bi kanal\u00ean cih\u00eareng, di nav de platforma populer, Telegram, agahdar\u00eey\u00ean demk\u00ee bist\u00eenin.<\/p>\n<p>2.1 <a href=\"https:\/\/signalforall.com\">Crypto Signals Telegram<\/a>: Neraz\u00eeb\u00fbn\u00ean Dema Rast li Dest\u00ean We<\/p>\n<p>Telegram ji bo wergirtina s\u00eenyal\u00ean kr\u00eeptoy\u00ea di wext\u00ea rast de wek\u00ee platformek derketiye hol\u00ea. Kanala Telegram\u00ea ya Signalforall navendek agahdariya gir\u00eeng e, li ser tevger\u00ean bazar\u00ea, guheztin\u00ean bihay\u00ea, \u00fb derfet\u00ean bazirganiy\u00ea y\u00ean potansiyel n\u00fbvekirin\u00ean tavil\u00ea p\u00ea\u015fk\u00ea\u015f\u00ee bazirganan dike. Bi tapek h\u00easan a li ser c\u00eehaza xwe, h\u00fbn dikarin xwe bigih\u00eenin t\u00eagih\u00ee\u015ftin\u00ean h\u00eaja \u00fb bi lez tevbigerin, da ku h\u00fbn \u00e7u car\u00ee firsendek dan\u00fbstendin\u00ea ya dahat\u00ee ji dest nedin.<\/p>\n<p><a href=\"https:\/\/signalforall.com\">N\u00ee\u015faney\u00ean Crypto Bela\u015f<\/a>: \u00c7\u00eakirina Bazirganiya Agahdar Bigih\u00eenin<br \/>\nDigel ku \u00ee\u015faret\u00ean kr\u00eepto pir h\u00eaja ne, Signalforall di heman dem\u00ea de gir\u00eengiya peydakirina vebijark\u00ean gih\u00ee\u015ft\u00ee ji bo bazirganan j\u00ee nas dike. Bi v\u00ee reng\u00ee, ew \u00ee\u015faret\u00ean kr\u00eeptoya bela\u015f p\u00ea\u015fk\u00ea\u015f\u00ee dikin, dih\u00ealin ku bazirgan b\u00eay\u00ee l\u00ea\u00e7\u00fbn tiliy\u00ean xwe bixin nav c\u00eehana bazirganiya agahdar. Van \u00ee\u015faret\u00ean bela\u015f awirek li ser bandorkeriya kar\u00fbbar\u00ean Signalforall dide bazirganan \u00fb dikare wek\u00ee kevirek gav\u00ea berbi z\u00eadekirina potansiyela bazirganiya wan ve bibe.<\/p>\n<p>Bi Signalforall re Hunera Bazirganiya Crypto Master\u00ea bikin<br \/>\nM\u00eena her am\u00fbrek h\u00eazdar, karan\u00eena \u00ee\u015faret\u00ean kr\u00eeptoy\u00ea bi bandor dereceyek j\u00eahat\u00eeb\u00fbn \u00fb t\u00eagihi\u015ftin\u00ea hewce dike. Signalforall \u00e7avkan\u00ee \u00fb r\u00eabernamey\u00ean berfireh p\u00ea\u015fk\u00ea\u015f\u00ee dike, h\u00eaz dide bazirganan ku her\u00ee z\u00eade n\u00ee\u015fan\u00ean xwe bikar b\u00eenin. Ji ravekirina c\u00fbrey\u00ean c\u00fbda y\u00ean s\u00eenyala heya p\u00ea\u015fk\u00ea\u015fkirina anal\u00eeza bazar\u00ea, Signalforall bazirganan bi zanyariya ku hewce dike ji bo r\u00eave\u00e7\u00fbna bazara kr\u00eeptoy\u00ea bi p\u00eabawer peyda dike.<\/p>\n<p>Avantaj\u00ean Signalforall: N\u00ear\u00eenek N\u00eaz\u00eek\u00ee<br \/>\nKar\u00fbbar\u00ean Signalforall ten\u00ea ji peydakirina s\u00eenyal\u00ean kr\u00eeptoy\u00ea w\u00eadetir dir\u00eaj dibin. Platforma wan gelek avantaj\u00ean cih\u00eareng p\u00ea\u015fk\u00ea\u015f\u00ee dike, ku wan di nav bazirganan de bijarek bijare dike:<\/p>\n<p>Rastb\u00fbn \u00fb Rastb\u00fbn: N\u00ee\u015faney\u00ean Signalforall bi h\u00fbrgul\u00ee ji h\u00eala anal\u00eest\u00ean pispor ve t\u00eane \u00e7\u00eakirin, rastb\u00fbn \u00fb p\u00eabaweriya wan pi\u015ftrast dikin.<\/p>\n<p>C\u00fbrey\u00ean S\u00eenyal\u00ean Cih\u00eareng: Ma h\u00fbn scalping-kurt-kurt an veberh\u00eanan\u00ean demdir\u00eaj terc\u00eeh dikin, Signalforall hem\u00ee \u015f\u00eawaz\u00ean bazirganiy\u00ea bi c\u00fbrbec\u00fbr c\u00fbrbec\u00fbr n\u00ee\u015fanan re peyda dike.<\/p>\n<p>Dem-Efekt\u00eev: Bi wergirtina agahdariya demk\u00ee ya bi navg\u00eeniya Telegram, bazirgan dikarin bazirganiya xwe bi bandor bir\u00eave bibin, wext\u00ea giranbiha xilas bikin.<\/p>\n<p>Anal\u00eeza Pispor: T\u00eema pispor\u00ean Signalforall anal\u00eez \u00fb t\u00eagihi\u015ftin\u00ean bazar\u00ea y\u00ean k\u00fbr p\u00ea\u015fk\u00ea\u015f\u00ee dike, n\u00ee\u015fanan temam dike \u00fb t\u00eagih\u00ee\u015ftina bazirganan ya bazara kr\u00eeptoy\u00ea z\u00eade dike.<\/p>\n<p>Navbera Bikarh\u00eaner-Hevalt\u00ee: Platforma bikarh\u00eaner-heval a Signalforall ji bazirgan\u00ean her ast\u00ea re h\u00easan dike ku bigih\u00eejin \u00fb \u015f\u00eerovekirina n\u00ee\u015fanan b\u00eay\u00ee pirsgir\u00eak.<\/p>\n<p>Bi Signalforall re P\u00ea\u015feroja Bazirganiy\u00ea hemb\u00eaz bikin<br \/>\nHer ku p\u00ea\u015fkeftina bazara kr\u00eeptoy\u00ea berdewam dike, rola s\u00eenyal\u00ean kr\u00eepto her ku di\u00e7e gir\u00eeng dibe. Pabendb\u00fbna Signalforall ji bo radestkirina \u00ee\u015faret\u00ean rast \u00fb biwext wan dike hevkarek p\u00eabawer ji bo bazirgan\u00ean ku dixwazin di l\u00eestika kr\u00eeptoy\u00ea de gavek\u00ea li p\u00ea\u015f bim\u00eenin. Bi c\u00fbrbec\u00fbr kar\u00fbbar\u00ean xwe re, Signalforall h\u00eaz dide bazirganan ku potansiyela tevah\u00ee ya bazirganiya kr\u00eeptoy\u00ea vekin \u00fb dest bi r\u00eaw\u00eetiyek serfiraziya bik\u00ear bikin.<\/p>\n<p>Xelas\u00ee<\/p>\n<p>Di c\u00eehana bilez \u00fb guhezbar a dirav\u00ea kr\u00eeptoy\u00ea de, heb\u00fbna am\u00fbr\u00ean rast li ber dest\u00ea we dikare hem\u00ee c\u00fbdahiy\u00ea di navbera serfiraz\u00ee \u00fb fersend\u00ean winda de \u00e7\u00eabike. N\u00ee\u015faney\u00ean kr\u00eepto, digel kapas\u00eeteya xwe ya peydakirina t\u00eagih\u00ee\u015ftin\u00ean rast \u00fb daney\u00ean h\u00eaja, ji bazirgan\u00ean \u00e7araliy\u00ea c\u00eehan\u00ea re domdar b\u00fbne. Signalforall wek\u00ee dab\u00eenkerek p\u00eabawer \u00fb p\u00eabawer a van n\u00ee\u015faney\u00ean h\u00eaja radiweste, bazirganan bi zanyar\u00ee \u00fb \u00e7avkaniy\u00ean ku hewce ne ji bo r\u00eavegirtina li bazara tevlihev a kr\u00eeptoy\u00ea bi p\u00eabawer\u00ee peyda dike.<\/p>\n<p>Ji ber v\u00ea yek\u00ea, gelo h\u00fbn bazirganek demsal\u00ee ne an j\u00ee destp\u00eakek meraqdar in, bifikirin ku bi Signalforall re h\u00eaza s\u00eenyal\u00ean kr\u00eeptoy\u00ea hemb\u00eaz bikin. Bi agahdar\u00ee \u00fb girtina biryar\u00ean dane-r\u00eavebir, h\u00fbn dikarin sir\u00ean bazirganiya bik\u00ear vekin \u00fb bikevin r\u00eayek mezinb\u00fbna daray\u00ee \u00fb serfiraziy\u00ea.<\/p>","protected":false},"excerpt":{"rendered":"<p>In the dynamic world of cryptocurrency trading, staying ahead of the game is crucial for success. Crypto signals have emerged as invaluable tools that guide traders, both novices and experts, in making informed decisions in the fast-paced and volatile crypto market. In this comprehensive guide, we will delve into the fascinating realm of crypto signals, [&hellip;]<\/p>","protected":false},"author":1,"featured_media":0,"parent":0,"menu_order":0,"comment_status":"closed","ping_status":"closed","template":"","meta":{"footnotes":""},"class_list":["post-5140","page","type-page","status-publish","hentry"],"aioseo_notices":[],"_links":{"self":[{"href":"https:\/\/beroilenergy.com\/ku\/wp-json\/wp\/v2\/pages\/5140","targetHints":{"allow":["GET"]}}],"collection":[{"href":"https:\/\/beroilenergy.com\/ku\/wp-json\/wp\/v2\/pages"}],"about":[{"href":"https:\/\/beroilenergy.com\/ku\/wp-json\/wp\/v2\/types\/page"}],"author":[{"embeddable":true,"href":"https:\/\/beroilenergy.com\/ku\/wp-json\/wp\/v2\/users\/1"}],"replies":[{"embeddable":true,"href":"https:\/\/beroilenergy.com\/ku\/wp-json\/wp\/v2\/comments?post=5140"}],"version-history":[{"count":1,"href":"https:\/\/beroilenergy.com\/ku\/wp-json\/wp\/v2\/pages\/5140\/revisions"}],"predecessor-version":[{"id":5141,"href":"https:\/\/beroilenergy.com\/ku\/wp-json\/wp\/v2\/pages\/5140\/revisions\/5141"}],"wp:attachment":[{"href":"https:\/\/beroilenergy.com\/ku\/wp-json\/wp\/v2\/media?parent=5140"}],"curies":[{"name":"wp","href":"https:\/\/api.w.org\/{rel}","templated":true}]}}